{"id":35,"date":"2023-04-28T02:49:04","date_gmt":"2023-04-28T02:49:04","guid":{"rendered":"http:\/\/evolveti.com.br\/?page_id=35"},"modified":"2024-03-26T20:23:18","modified_gmt":"2024-03-26T23:23:18","slug":"home","status":"publish","type":"page","link":"https:\/\/evolveti.com.br\/","title":{"rendered":"Home"},"content":{"rendered":"\n<div class=\"wp-block-cover alignfull\" style=\"min-height:600px;aspect-ratio:unset;\"><span aria-hidden=\"true\" class=\"wp-block-cover__background has-nv-dark-bg-background-color has-background-dim-100 has-background-dim\"><\/span><div class=\"wp-block-cover__inner-container is-layout-flow wp-block-cover-is-layout-flow\">\n<div class=\"wp-block-group\"><div class=\"wp-block-group__inner-container is-layout-flow wp-block-group-is-layout-flow\">\n<div style=\"height:16px\" aria-hidden=\"true\" class=\"wp-block-spacer\"><\/div>\n\n\n\n<div class=\"wp-block-columns are-vertically-aligned-center is-layout-flex wp-container-core-columns-is-layout-1 wp-block-columns-is-layout-flex\">\n<div class=\"wp-block-column is-vertically-aligned-center is-layout-flow wp-block-column-is-layout-flow\" style=\"flex-basis:50%\">\n<figure class=\"wp-block-image size-large\"><img loading=\"lazy\" decoding=\"async\" width=\"1024\" height=\"768\" src=\"https:\/\/evolveti.com.br\/wp-content\/uploads\/2023\/10\/Assinatura-1024x768.webp\" alt=\"\" class=\"wp-image-104\" srcset=\"https:\/\/evolveti.com.br\/wp-content\/uploads\/2023\/10\/Assinatura-1024x768.webp 1024w, https:\/\/evolveti.com.br\/wp-content\/uploads\/2023\/10\/Assinatura-300x225.webp 300w, https:\/\/evolveti.com.br\/wp-content\/uploads\/2023\/10\/Assinatura-768x576.webp 768w, https:\/\/evolveti.com.br\/wp-content\/uploads\/2023\/10\/Assinatura-1536x1152.webp 1536w, https:\/\/evolveti.com.br\/wp-content\/uploads\/2023\/10\/Assinatura.webp 1600w\" sizes=\"auto, (max-width: 1024px) 100vw, 1024px\" \/><\/figure>\n<\/div>\n\n\n\n<div class=\"wp-block-column is-vertically-aligned-center is-layout-flow wp-block-column-is-layout-flow\" style=\"flex-basis:50%\">\n<div style=\"height:40px\" aria-hidden=\"true\" class=\"wp-block-spacer\"><\/div>\n\n\n\n<h2 class=\"wp-block-heading has-text-align-left has-nv-text-dark-bg-color has-text-color\">Assinatura Digital<\/h2>\n\n\n\n<p class=\"has-text-align-left has-nv-text-dark-bg-color has-text-color\" style=\"font-size:17px\">Assinaturas eletr\u00f4nicas s\u00e3o uma representa\u00e7\u00e3o digital do acordo feito por um indiv\u00edduo que pretende ser equivalente a uma assinatura \u201cem papel\u201d. As assinaturas eletr\u00f4nicas abrangem um conjunto de m\u00e9todos que podem ser aplicados a um documento digital, para capturar a inten\u00e7\u00e3o de assinar e o consentimento para assinar eletronicamente. Apesar do que pode parecer, a imagem da assinatura digitalizada n\u00e3o \u00e9 fator relevante. A assinatura eletr\u00f4nica se faz coletando eletronicamente metadados relacionados a todos os eventos de assinatura e criando uma trilha de auditoria que \u00e9 selada criptograficamente para garantir a autenticidade, o n\u00e3o rep\u00fadio e a integridade do documento assinado eletronicamente. Esta trilha de auditoria tamb\u00e9m deve conter diversas evid\u00eancias sobre os indiv\u00edduos que assinam o documento, como nomes, endere\u00e7os de e-mail, comprova\u00e7\u00e3o de identidade e etapas de autentica\u00e7\u00e3o. Os detalhes das evid\u00eancias podem variar de acordo com cada produto, mas a trilha de auditoria fornece as evid\u00eancias que apoiam o valor legal do documento assinado eletronicamente.<\/p>\n\n\n\n<div class=\"wp-block-buttons is-horizontal is-content-justification-left is-layout-flex wp-container-core-buttons-is-layout-1 wp-block-buttons-is-layout-flex\"><\/div>\n<\/div>\n<\/div>\n\n\n\n<div style=\"height:25px\" aria-hidden=\"true\" class=\"wp-block-spacer\"><\/div>\n<\/div><\/div>\n<\/div><\/div>\n\n\n\n<div class=\"wp-block-cover\" style=\"min-height:600px;aspect-ratio:unset;\"><span aria-hidden=\"true\" class=\"wp-block-cover__background has-nv-site-bg-background-color has-background-dim-100 has-background-dim\"><\/span><div class=\"wp-block-cover__inner-container is-layout-flow wp-block-cover-is-layout-flow\">\n<div class=\"wp-block-group\"><div class=\"wp-block-group__inner-container is-layout-flow wp-block-group-is-layout-flow\">\n<div style=\"height:0px\" aria-hidden=\"true\" class=\"wp-block-spacer\"><\/div>\n\n\n\n<div class=\"wp-block-columns are-vertically-aligned-center is-layout-flex wp-container-core-columns-is-layout-2 wp-block-columns-is-layout-flex\">\n<div class=\"wp-block-column is-vertically-aligned-center is-layout-flow wp-block-column-is-layout-flow\" style=\"flex-basis:50%\">\n<h2 class=\"wp-block-heading has-text-align-left has-neve-text-color-color has-text-color\">Processos digitais!<\/h2>\n\n\n\n<p class=\"has-text-align-left has-neve-text-color-color has-text-color\" style=\"font-size:17px\">A evolu\u00e7\u00e3o dos processos para o mundo digital traz enorme impacto para as organiza\u00e7\u00f5es e, principalmente, para a vida das pessoas, facilitando a jornada delas junto aos \u00f3rg\u00e3o de governo ou \u00e0s empresas. Isso faz muita diferen\u00e7a: Maior produtividade; Economia de recursos; Maior sustentabilidade; Menor impacto no meio ambiente; E, principalmente, economia de tempo e custos na vida das pessoas.<\/p>\n\n\n\n<div class=\"wp-block-buttons is-horizontal is-content-justification-left is-layout-flex wp-container-core-buttons-is-layout-2 wp-block-buttons-is-layout-flex\">\n<div class=\"wp-block-button is-style-primary\"><a class=\"wp-block-button__link wp-element-button\" href=\"https:\/\/www.docusign.com.br\/florestas\" target=\"_blank\" rel=\"noreferrer noopener\">VEJA MAIS<\/a><\/div>\n<\/div>\n\n\n\n<div style=\"height:40px\" aria-hidden=\"true\" class=\"wp-block-spacer\"><\/div>\n<\/div>\n\n\n\n<div class=\"wp-block-column is-vertically-aligned-center is-layout-flow wp-block-column-is-layout-flow\" style=\"flex-basis:50%\">\n<figure class=\"wp-block-image size-large\"><img loading=\"lazy\" decoding=\"async\" width=\"1024\" height=\"541\" src=\"https:\/\/evolveti.com.br\/wp-content\/uploads\/2023\/04\/businessman-g4e447b7ff_1280-1024x541.jpg\" alt=\"\" class=\"wp-image-66\" srcset=\"https:\/\/evolveti.com.br\/wp-content\/uploads\/2023\/04\/businessman-g4e447b7ff_1280-1024x541.jpg 1024w, https:\/\/evolveti.com.br\/wp-content\/uploads\/2023\/04\/businessman-g4e447b7ff_1280-300x158.jpg 300w, https:\/\/evolveti.com.br\/wp-content\/uploads\/2023\/04\/businessman-g4e447b7ff_1280-768x406.jpg 768w, https:\/\/evolveti.com.br\/wp-content\/uploads\/2023\/04\/businessman-g4e447b7ff_1280.jpg 1280w\" sizes=\"auto, (max-width: 1024px) 100vw, 1024px\" \/><\/figure>\n<\/div>\n<\/div>\n\n\n\n<div style=\"height:0px\" aria-hidden=\"true\" class=\"wp-block-spacer\"><\/div>\n<\/div><\/div>\n<\/div><\/div>\n\n\n\n<div class=\"wp-block-cover alignfull\" style=\"min-height:419px;aspect-ratio:unset;\"><span aria-hidden=\"true\" class=\"wp-block-cover__background has-nv-site-bg-background-color has-background-dim-100 has-background-dim\"><\/span><div class=\"wp-block-cover__inner-container is-layout-flow wp-block-cover-is-layout-flow\">\n<div class=\"wp-block-group\"><div class=\"wp-block-group__inner-container is-layout-flow wp-block-group-is-layout-flow\">\n<div style=\"height:0px\" aria-hidden=\"true\" class=\"wp-block-spacer\"><\/div>\n\n\n\n<h2 class=\"wp-block-heading has-neve-text-color-color has-text-color\">Refer\u00eancias <\/h2>\n\n\n\n<h6 class=\"wp-block-heading has-neve-text-color-color has-text-color\">Trabalhos realizados pelo s\u00f3cio fundador da Evolveti<\/h6>\n\n\n\n<div style=\"height:20px\" aria-hidden=\"true\" class=\"wp-block-spacer\"><\/div>\n\n\n\n<div class=\"wp-block-group alignfull is-content-justification-space-between is-nowrap is-layout-flex wp-container-core-group-is-layout-3 wp-block-group-is-layout-flex\">\n<figure class=\"wp-block-image size-full is-resized\"><img loading=\"lazy\" decoding=\"async\" width=\"225\" height=\"225\" src=\"https:\/\/evolveti.com.br\/wp-content\/uploads\/2023\/04\/correios.png\" alt=\"\" class=\"wp-image-76\" style=\"width:113px;height:113px\" srcset=\"https:\/\/evolveti.com.br\/wp-content\/uploads\/2023\/04\/correios.png 225w, https:\/\/evolveti.com.br\/wp-content\/uploads\/2023\/04\/correios-150x150.png 150w\" sizes=\"auto, (max-width: 225px) 100vw, 225px\" \/><\/figure>\n\n\n\n<figure class=\"wp-block-image size-full is-resized\"><img loading=\"lazy\" decoding=\"async\" width=\"254\" height=\"198\" src=\"https:\/\/evolveti.com.br\/wp-content\/uploads\/2023\/04\/min-da-edu.png\" alt=\"\" class=\"wp-image-75\" style=\"width:127px;height:99px\"\/><\/figure>\n\n\n\n<figure class=\"wp-block-image size-medium is-resized\"><img loading=\"lazy\" decoding=\"async\" width=\"263\" height=\"300\" src=\"https:\/\/evolveti.com.br\/wp-content\/uploads\/2023\/04\/min-da-saude-1-263x300.jpeg\" alt=\"\" class=\"wp-image-83\" style=\"width:97px;height:110px\" srcset=\"https:\/\/evolveti.com.br\/wp-content\/uploads\/2023\/04\/min-da-saude-1-263x300.jpeg 263w, https:\/\/evolveti.com.br\/wp-content\/uploads\/2023\/04\/min-da-saude-1.jpeg 757w\" sizes=\"auto, (max-width: 263px) 100vw, 263px\" \/><\/figure>\n\n\n\n<figure class=\"wp-block-image size-full is-resized\"><img loading=\"lazy\" decoding=\"async\" width=\"225\" height=\"225\" src=\"https:\/\/evolveti.com.br\/wp-content\/uploads\/2023\/04\/dnit.jpeg\" alt=\"\" class=\"wp-image-77\" style=\"width:113px;height:113px\" srcset=\"https:\/\/evolveti.com.br\/wp-content\/uploads\/2023\/04\/dnit.jpeg 225w, https:\/\/evolveti.com.br\/wp-content\/uploads\/2023\/04\/dnit-150x150.jpeg 150w\" sizes=\"auto, (max-width: 225px) 100vw, 225px\" \/><\/figure>\n\n\n\n<figure class=\"wp-block-image size-full is-resized\"><img loading=\"lazy\" decoding=\"async\" width=\"289\" height=\"174\" src=\"https:\/\/evolveti.com.br\/wp-content\/uploads\/2023\/04\/dataprev.png\" alt=\"\" class=\"wp-image-78\" style=\"width:145px;height:87px\"\/><\/figure>\n\n\n\n<figure class=\"wp-block-image size-full is-resized\"><img loading=\"lazy\" decoding=\"async\" width=\"288\" height=\"175\" src=\"https:\/\/evolveti.com.br\/wp-content\/uploads\/2023\/04\/previ.jpeg\" alt=\"\" class=\"wp-image-86\" style=\"width:144px;height:88px\"\/><\/figure>\n\n\n\n<div style=\"height:40px;width:0px\" aria-hidden=\"true\" class=\"wp-block-spacer wp-container-content-1\"><\/div>\n<\/div>\n\n\n\n<div style=\"height:40px\" aria-hidden=\"true\" class=\"wp-block-spacer\"><\/div>\n<\/div><\/div>\n<\/div><\/div>\n\n\n\n<div class=\"wp-block-cover alignfull\" style=\"min-height:300px;aspect-ratio:unset;\"><span aria-hidden=\"true\" class=\"wp-block-cover__background has-nv-dark-bg-background-color has-background-dim-100 has-background-dim\"><\/span><div class=\"wp-block-cover__inner-container is-layout-flow wp-block-cover-is-layout-flow\">\n<div style=\"height:38px\" aria-hidden=\"true\" class=\"wp-block-spacer\"><\/div>\n\n\n\n<h2 class=\"wp-block-heading has-text-align-center has-nv-text-dark-bg-color has-text-color\">Vamos conversar?<\/h2>\n\n\n\n<p class=\"has-text-align-center\">Entre em contato conosco!<\/p>\n\n\n\n<div class=\"wp-block-buttons is-horizontal is-content-justification-center is-layout-flex wp-container-core-buttons-is-layout-3 wp-block-buttons-is-layout-flex\">\n<div class=\"wp-block-button is-style-primary\"><a class=\"wp-block-button__link wp-element-button\" href=\"mailto:comercial@evolveti.com.br\">Fale conosco<\/a><\/div>\n<\/div>\n\n\n\n<div style=\"height:37px\" aria-hidden=\"true\" class=\"wp-block-spacer\"><\/div>\n<\/div><\/div>\n","protected":false},"excerpt":{"rendered":"","protected":false},"author":1,"featured_media":0,"parent":0,"menu_order":0,"comment_status":"closed","ping_status":"closed","template":"","meta":{"neve_meta_sidebar":"default","neve_meta_container":"default","neve_meta_enable_content_width":"on","neve_meta_content_width":100,"neve_meta_title_alignment":"center","neve_meta_author_avatar":"","neve_post_elements_order":"","neve_meta_disable_header":"","neve_meta_disable_footer":"","neve_meta_disable_title":"on","footnotes":""},"class_list":["post-35","page","type-page","status-publish","hentry"],"_links":{"self":[{"href":"https:\/\/evolveti.com.br\/index.php?rest_route=\/wp\/v2\/pages\/35","targetHints":{"allow":["GET"]}}],"collection":[{"href":"https:\/\/evolveti.com.br\/index.php?rest_route=\/wp\/v2\/pages"}],"about":[{"href":"https:\/\/evolveti.com.br\/index.php?rest_route=\/wp\/v2\/types\/page"}],"author":[{"embeddable":true,"href":"https:\/\/evolveti.com.br\/index.php?rest_route=\/wp\/v2\/users\/1"}],"replies":[{"embeddable":true,"href":"https:\/\/evolveti.com.br\/index.php?rest_route=%2Fwp%2Fv2%2Fcomments&post=35"}],"version-history":[{"count":16,"href":"https:\/\/evolveti.com.br\/index.php?rest_route=\/wp\/v2\/pages\/35\/revisions"}],"predecessor-version":[{"id":109,"href":"https:\/\/evolveti.com.br\/index.php?rest_route=\/wp\/v2\/pages\/35\/revisions\/109"}],"wp:attachment":[{"href":"https:\/\/evolveti.com.br\/index.php?rest_route=%2Fwp%2Fv2%2Fmedia&parent=35"}],"curies":[{"name":"wp","href":"https:\/\/api.w.org\/{rel}","templated":true}]}}